{"id":11952,"date":"2025-03-31T18:11:51","date_gmt":"2025-03-31T18:11:51","guid":{"rendered":"https:\/\/www.ritaplacidophotography.com\/?page_id=11952"},"modified":"2025-04-01T12:08:17","modified_gmt":"2025-04-01T12:08:17","slug":"erro","status":"publish","type":"page","link":"https:\/\/www.ritaplacidophotography.com\/pt\/erro\/","title":{"rendered":"Erro"},"content":{"rendered":"<div data-elementor-type=\"wp-page\" data-elementor-id=\"11952\" class=\"elementor elementor-11952\" data-elementor-post-type=\"page\">\n\t\t\t\t\t\t<section class=\"elementor-section elementor-top-section elementor-element elementor-element-f877bf2 elementor-section-boxed elementor-section-height-default elementor-section-height-default\" data-id=\"f877bf2\" data-element_type=\"section\" data-e-type=\"section\">\n\t\t\t\t\t\t<div class=\"elementor-container elementor-column-gap-default\">\n\t\t\t\t\t<div class=\"elementor-column elementor-col-100 elementor-top-column elementor-element elementor-element-363e720\" data-id=\"363e720\" data-element_type=\"column\" data-e-type=\"column\">\n\t\t\t<div class=\"elementor-widget-wrap elementor-element-populated\">\n\t\t\t\t\t\t<div class=\"elementor-element elementor-element-ec59ba6 elementor-widget elementor-widget-Olbia_Text_Block_Widget\" data-id=\"ec59ba6\" data-element_type=\"widget\" data-e-type=\"widget\" data-widget_type=\"Olbia_Text_Block_Widget.default\">\n\t\t\t\t<div class=\"elementor-widget-container\">\n\t\t\t\t\t\t\t\t\t\t\t<div class=\"olbia-text-block__content\">\n\n\t\t\t\t\t\t\t\t\t\t\t<h2 class=\"olbia-text-block__title wow fadeIn\">\n\t\t\t\t\t\t\tUps! The page you&#039;re looking for is not available\t\t\t\t\t\t<\/h2>\n\t\t\t\t\t\n\t\t\t\t\t\t\t\t\t\t\t<div class=\"olbia-text-block__desc wow fadeIn\">\n\t\t\t\t\t\t\t<p>Pe\u00e7o mil desculpas, mas a p\u00e1gina que querias aceder ainda n\u00e3o est\u00e1 dispon\u00edvel<\/p>\n<p>Espero que saibas que estou a trabalhar arduamente para ter esta p\u00e1gina pronta assim que poss\u00edvel! Entretanto, porque n\u00e3o voltar atr\u00e1s para a p\u00e1gina onde estavas ou explorar algumas das publica\u00e7\u00f5es anteriores que te v\u00e3o ajudar no planeamento do vosso casamento?<\/p>\n\t\t\t\t\t\t<\/div>\n\t\t\t\t\t\n\t\t\t\t\t\t\t\t\t\t\t\t\t<\/div>\n\t\t\t\t<\/div>\n\t\t\t\t\t<\/div>\n\t\t<\/div>\n\t\t\t\t\t<\/div>\n\t\t<\/section>\n\t\t\t\t<section class=\"elementor-section elementor-top-section elementor-element elementor-element-6f9188a elementor-section-boxed elementor-section-height-default elementor-section-height-default\" data-id=\"6f9188a\" data-element_type=\"section\" data-e-type=\"section\">\n\t\t\t\t\t\t<div class=\"elementor-container elementor-column-gap-default\">\n\t\t\t\t\t<div class=\"elementor-column elementor-col-100 elementor-top-column elementor-element elementor-element-036f412\" data-id=\"036f412\" data-element_type=\"column\" data-e-type=\"column\">\n\t\t\t<div class=\"elementor-widget-wrap elementor-element-populated\">\n\t\t\t\t\t\t<div class=\"elementor-element elementor-element-65dc258 elementor-widget elementor-widget-Olbia_Stories_Widget\" data-id=\"65dc258\" data-element_type=\"widget\" data-e-type=\"widget\" data-widget_type=\"Olbia_Stories_Widget.default\">\n\t\t\t\t<div class=\"elementor-widget-container\">\n\t\t\t\t\t\n\t\t<div class=\"olbia-stories\">\n\t\t\t<div class=\"container\">\n\n\t\t\t\t\t\t\t\t\t<h2 class=\"olbia-stories__title wow fadeIn\">\n\t\t\t\t\t\tpublica\u00e7\u00f5es recentes no blog\t\t\t\t\t<\/h2>\n\t\t\t\t\n\t\t\t<\/div>\n\n\t\t\t\n\t\t\t\t<div class=\"olbia-blog olbia-blog--c\">\n\t\t\t\t\t\n<!-- Blog list -->\n<div class=\"olbia-blog-posts olbia-blog-posts--c\">\n\t<div class=\"container\">\n\t\t<div class=\"row js-posts-wrapper wow fadeIn\">\n\n\t\t\t\n\t\t\t\t\t\n<div class=\"col-md-6 olbia-blog-posts__item\">\n\t<div class=\"olbia-blog-post olbia-blog-post--b olbia-blog-post--c\">\n\t\t<div class=\"olbia-blog-post__picture olbia-blog-overlay-link olbia-blog-overlay olbia-img-placeholder\">\n\t\t\t\t\t\t\t\t\t\n\t\t\t\t\t\t\t<img decoding=\"async\" class=\"olbia-lazy olbia-lazy--expectation\" src=\"https:\/\/www.ritaplacidophotography.com\/wp-content\/uploads\/2025\/06\/makeup-artist-in-lisbon-ines-matos-2-1-scaled.jpg\" data-src=\"https:\/\/www.ritaplacidophotography.com\/wp-content\/uploads\/2025\/06\/makeup-artist-in-lisbon-ines-matos-2-1-scaled.jpg\" data-srcset=\"https:\/\/www.ritaplacidophotography.com\/wp-content\/uploads\/2025\/06\/makeup-artist-in-lisbon-ines-matos-2-1-scaled.jpg 2560w, https:\/\/www.ritaplacidophotography.com\/wp-content\/uploads\/2025\/06\/makeup-artist-in-lisbon-ines-matos-2-1-300x200.jpg 300w, https:\/\/www.ritaplacidophotography.com\/wp-content\/uploads\/2025\/06\/makeup-artist-in-lisbon-ines-matos-2-1-1024x681.jpg 1024w, https:\/\/www.ritaplacidophotography.com\/wp-content\/uploads\/2025\/06\/makeup-artist-in-lisbon-ines-matos-2-1-768x511.jpg 768w, https:\/\/www.ritaplacidophotography.com\/wp-content\/uploads\/2025\/06\/makeup-artist-in-lisbon-ines-matos-2-1-1536x1022.jpg 1536w, https:\/\/www.ritaplacidophotography.com\/wp-content\/uploads\/2025\/06\/makeup-artist-in-lisbon-ines-matos-2-1-2048x1363.jpg 2048w, https:\/\/www.ritaplacidophotography.com\/wp-content\/uploads\/2025\/06\/makeup-artist-in-lisbon-ines-matos-2-1-18x12.jpg 18w, https:\/\/www.ritaplacidophotography.com\/wp-content\/uploads\/2025\/06\/makeup-artist-in-lisbon-ines-matos-2-1-470x313.jpg 470w, https:\/\/www.ritaplacidophotography.com\/wp-content\/uploads\/2025\/06\/makeup-artist-in-lisbon-ines-matos-2-1-751x500.jpg 751w\" data-sizes=\"(max-width: 495px) 100vw, 495px\" alt=\"As 10 melhores maquilhadoras de noivas em Lisboa\">\n\t\t\t\n\t\t\t<a href=\"https:\/\/www.ritaplacidophotography.com\/pt\/bridal-makeup-artists-in-lisbon\/\" class=\"olbia-blog-post__link link-contact link-contact--white\">\n\t\t\t\tRead More\t\t\t<\/a>\n\t\t<\/div>\n\t\t<div class=\"olbia-blog-post__content\">\n\t\t\t\t\t\t\t\n<ul class=\"olbia-post-info\">\n\t<li>\n\t\t<a href=\"https:\/\/www.ritaplacidophotography.com\/pt\/2025\/07\/29\/\">\n\t\t\t29\/07\/2025\t\t<\/a>\n\t<\/li>\n\t\n\t\t\t<li>\n\t\t\t<a href=\"https:\/\/www.ritaplacidophotography.com\/pt\/category\/weddingplanning\/\">\n\t\t\t\tPlanear o casamento\t\t\t<\/a>\n\t\t<\/li>\n\t<\/ul>\t\t\t\n\t\t\t<h2 class=\"olbia-blog-post__title\"><a href=\"https:\/\/www.ritaplacidophotography.com\/pt\/bridal-makeup-artists-in-lisbon\/\">As 10 melhores maquilhadoras de noivas em Lisboa<\/a><\/h2>\n\t\t\t<div class=\"olbia-blog-post__desc\">\n\t<p>Planning your dream wedding in Lisbon, Portugal? Then you\u2019ll want to feel like your most radiant self on your big day, and that\u2019s where the magic of the right makeup artist comes in. Lisbon is home to some of the most talented professionals in the wedding industry, known for their expertise, artistry, and ability to&#8230;<\/p>\n<\/div>\t\t<\/div>\n\t<\/div>\n<\/div>\n\t\t\t\t\n\t\t\t\t\t\n<div class=\"col-md-6 olbia-blog-posts__item\">\n\t<div class=\"olbia-blog-post olbia-blog-post--b olbia-blog-post--c\">\n\t\t<div class=\"olbia-blog-post__picture olbia-blog-overlay-link olbia-blog-overlay olbia-img-placeholder\">\n\t\t\t\t\t\t\t\t\t\n\t\t\t\t\t\t\t<img decoding=\"async\" class=\"olbia-lazy olbia-lazy--expectation\" src=\"https:\/\/www.ritaplacidophotography.com\/wp-content\/uploads\/2025\/02\/Cost-to-Get-Married-in-Portugal-Portugal-Wedding-Photographer-4-scaled.jpg\" data-src=\"https:\/\/www.ritaplacidophotography.com\/wp-content\/uploads\/2025\/02\/Cost-to-Get-Married-in-Portugal-Portugal-Wedding-Photographer-4-scaled.jpg\" data-srcset=\"https:\/\/www.ritaplacidophotography.com\/wp-content\/uploads\/2025\/02\/Cost-to-Get-Married-in-Portugal-Portugal-Wedding-Photographer-4-scaled.jpg 2560w, https:\/\/www.ritaplacidophotography.com\/wp-content\/uploads\/2025\/02\/Cost-to-Get-Married-in-Portugal-Portugal-Wedding-Photographer-4-300x200.jpg 300w, https:\/\/www.ritaplacidophotography.com\/wp-content\/uploads\/2025\/02\/Cost-to-Get-Married-in-Portugal-Portugal-Wedding-Photographer-4-1024x681.jpg 1024w, https:\/\/www.ritaplacidophotography.com\/wp-content\/uploads\/2025\/02\/Cost-to-Get-Married-in-Portugal-Portugal-Wedding-Photographer-4-768x511.jpg 768w, https:\/\/www.ritaplacidophotography.com\/wp-content\/uploads\/2025\/02\/Cost-to-Get-Married-in-Portugal-Portugal-Wedding-Photographer-4-1536x1022.jpg 1536w, https:\/\/www.ritaplacidophotography.com\/wp-content\/uploads\/2025\/02\/Cost-to-Get-Married-in-Portugal-Portugal-Wedding-Photographer-4-2048x1363.jpg 2048w, https:\/\/www.ritaplacidophotography.com\/wp-content\/uploads\/2025\/02\/Cost-to-Get-Married-in-Portugal-Portugal-Wedding-Photographer-4-18x12.jpg 18w, https:\/\/www.ritaplacidophotography.com\/wp-content\/uploads\/2025\/02\/Cost-to-Get-Married-in-Portugal-Portugal-Wedding-Photographer-4-470x313.jpg 470w, https:\/\/www.ritaplacidophotography.com\/wp-content\/uploads\/2025\/02\/Cost-to-Get-Married-in-Portugal-Portugal-Wedding-Photographer-4-751x500.jpg 751w\" data-sizes=\"(max-width: 495px) 100vw, 495px\" alt=\"Quanto custa casar em Portugal?\">\n\t\t\t\n\t\t\t<a href=\"https:\/\/www.ritaplacidophotography.com\/pt\/cost-to-get-married-in-portugal\/\" class=\"olbia-blog-post__link link-contact link-contact--white\">\n\t\t\t\tRead More\t\t\t<\/a>\n\t\t<\/div>\n\t\t<div class=\"olbia-blog-post__content\">\n\t\t\t\t\t\t\t\n<ul class=\"olbia-post-info\">\n\t<li>\n\t\t<a href=\"https:\/\/www.ritaplacidophotography.com\/pt\/2025\/02\/27\/\">\n\t\t\t27\/02\/2025\t\t<\/a>\n\t<\/li>\n\t\n\t\t\t<li>\n\t\t\t<a href=\"https:\/\/www.ritaplacidophotography.com\/pt\/category\/weddingplanning\/\">\n\t\t\t\tPlanear o casamento\t\t\t<\/a>\n\t\t<\/li>\n\t<\/ul>\t\t\t\n\t\t\t<h2 class=\"olbia-blog-post__title\"><a href=\"https:\/\/www.ritaplacidophotography.com\/pt\/cost-to-get-married-in-portugal\/\">Quanto custa casar em Portugal?<\/a><\/h2>\n\t\t\t<div class=\"olbia-blog-post__desc\">\n\t<p>Se est\u00e3o a sonhar com um casamento, ent\u00e3o provavelmente j\u00e1 se questionaram quanto custa casar em Portugal. Nos \u00faltimos anos, Portugal ganhou fama de ser um destino barato para casar, mas os pre\u00e7os t\u00eam aumentado significativamente. No entanto, Portugal continua a ser conhecido pelas suas paisagens de cortar a respira\u00e7\u00e3o, as venues incr\u00edveis e a sua gastronomia deliciosa, tudo isto torna-o uma op\u00e7\u00e3o atrativa para casais de todo o mundo.<\/p>\n<\/div>\t\t<\/div>\n\t<\/div>\n<\/div>\n\t\t\t\t\n\t\t\t\t\t\n<div class=\"col-md-6 olbia-blog-posts__item\">\n\t<div class=\"olbia-blog-post olbia-blog-post--b olbia-blog-post--c\">\n\t\t<div class=\"olbia-blog-post__picture olbia-blog-overlay-link olbia-blog-overlay olbia-img-placeholder\">\n\t\t\t\t\t\t\t\t\t\n\t\t\t\t\t\t\t<img decoding=\"async\" class=\"olbia-lazy olbia-lazy--expectation\" src=\"https:\/\/www.ritaplacidophotography.com\/wp-content\/uploads\/2021\/01\/How-to-choose-your-wedding-photographer-1-scaled.jpg\" data-src=\"https:\/\/www.ritaplacidophotography.com\/wp-content\/uploads\/2021\/01\/How-to-choose-your-wedding-photographer-1-scaled.jpg\" data-srcset=\"https:\/\/www.ritaplacidophotography.com\/wp-content\/uploads\/2021\/01\/How-to-choose-your-wedding-photographer-1-scaled.jpg 2560w, https:\/\/www.ritaplacidophotography.com\/wp-content\/uploads\/2021\/01\/How-to-choose-your-wedding-photographer-1-300x200.jpg 300w, https:\/\/www.ritaplacidophotography.com\/wp-content\/uploads\/2021\/01\/How-to-choose-your-wedding-photographer-1-1024x681.jpg 1024w, https:\/\/www.ritaplacidophotography.com\/wp-content\/uploads\/2021\/01\/How-to-choose-your-wedding-photographer-1-768x511.jpg 768w, https:\/\/www.ritaplacidophotography.com\/wp-content\/uploads\/2021\/01\/How-to-choose-your-wedding-photographer-1-1536x1022.jpg 1536w, https:\/\/www.ritaplacidophotography.com\/wp-content\/uploads\/2021\/01\/How-to-choose-your-wedding-photographer-1-2048x1363.jpg 2048w, https:\/\/www.ritaplacidophotography.com\/wp-content\/uploads\/2021\/01\/How-to-choose-your-wedding-photographer-1-18x12.jpg 18w, https:\/\/www.ritaplacidophotography.com\/wp-content\/uploads\/2021\/01\/How-to-choose-your-wedding-photographer-1-470x313.jpg 470w, https:\/\/www.ritaplacidophotography.com\/wp-content\/uploads\/2021\/01\/How-to-choose-your-wedding-photographer-1-751x500.jpg 751w\" data-sizes=\"(max-width: 495px) 100vw, 495px\" alt=\"Como escolher o fot\u00f3grafo do vosso casamento\">\n\t\t\t\n\t\t\t<a href=\"https:\/\/www.ritaplacidophotography.com\/pt\/how-to-choose-your-wedding-photographer\/\" class=\"olbia-blog-post__link link-contact link-contact--white\">\n\t\t\t\tRead More\t\t\t<\/a>\n\t\t<\/div>\n\t\t<div class=\"olbia-blog-post__content\">\n\t\t\t\t\t\t\t\n<ul class=\"olbia-post-info\">\n\t<li>\n\t\t<a href=\"https:\/\/www.ritaplacidophotography.com\/pt\/2025\/01\/16\/\">\n\t\t\t16\/01\/2025\t\t<\/a>\n\t<\/li>\n\t\n\t\t\t<li>\n\t\t\t<a href=\"https:\/\/www.ritaplacidophotography.com\/pt\/category\/weddingplanning\/\">\n\t\t\t\tPlanear o casamento\t\t\t<\/a>\n\t\t<\/li>\n\t<\/ul>\t\t\t\n\t\t\t<h2 class=\"olbia-blog-post__title\"><a href=\"https:\/\/www.ritaplacidophotography.com\/pt\/how-to-choose-your-wedding-photographer\/\">Como escolher o fot\u00f3grafo do vosso casamento<\/a><\/h2>\n\t\t\t<div class=\"olbia-blog-post__desc\">\n\t<p>Durante o planeamento do casamento, uma das decis\u00f5es mais importantes que ter\u00e3o que fazer, \u00e9 a escolha da pessoa que o vai fotografar \u2013 logo ap\u00f3s definirem a data e o local do casamento. As fotografias do vosso casamento s\u00e3o as mem\u00f3rias que vos far\u00e3o reviver este dia daqui a v\u00e1rios anos, por isso \u00e9 essencial acertar na equipa. Hoje, partilho convosco seis dicas cruciais sobre...<\/p>\n<\/div>\t\t<\/div>\n\t<\/div>\n<\/div>\n\t\t\t\t\n\t\t\t\t\t\n<div class=\"col-md-6 olbia-blog-posts__item\">\n\t<div class=\"olbia-blog-post olbia-blog-post--b olbia-blog-post--c\">\n\t\t<div class=\"olbia-blog-post__picture olbia-blog-overlay-link olbia-blog-overlay olbia-img-placeholder\">\n\t\t\t\t\t\t\t\t\t\n\t\t\t\t\t\t\t<img decoding=\"async\" class=\"olbia-lazy olbia-lazy--expectation\" src=\"https:\/\/www.ritaplacidophotography.com\/wp-content\/uploads\/2025\/01\/nabeelachristian-wed-754-scaled.jpg\" data-src=\"https:\/\/www.ritaplacidophotography.com\/wp-content\/uploads\/2025\/01\/nabeelachristian-wed-754-scaled.jpg\" data-srcset=\"https:\/\/www.ritaplacidophotography.com\/wp-content\/uploads\/2025\/01\/nabeelachristian-wed-754-scaled.jpg 2560w, https:\/\/www.ritaplacidophotography.com\/wp-content\/uploads\/2025\/01\/nabeelachristian-wed-754-300x200.jpg 300w, https:\/\/www.ritaplacidophotography.com\/wp-content\/uploads\/2025\/01\/nabeelachristian-wed-754-1024x681.jpg 1024w, https:\/\/www.ritaplacidophotography.com\/wp-content\/uploads\/2025\/01\/nabeelachristian-wed-754-768x511.jpg 768w, https:\/\/www.ritaplacidophotography.com\/wp-content\/uploads\/2025\/01\/nabeelachristian-wed-754-1536x1022.jpg 1536w, https:\/\/www.ritaplacidophotography.com\/wp-content\/uploads\/2025\/01\/nabeelachristian-wed-754-2048x1363.jpg 2048w, https:\/\/www.ritaplacidophotography.com\/wp-content\/uploads\/2025\/01\/nabeelachristian-wed-754-18x12.jpg 18w, https:\/\/www.ritaplacidophotography.com\/wp-content\/uploads\/2025\/01\/nabeelachristian-wed-754-470x313.jpg 470w, https:\/\/www.ritaplacidophotography.com\/wp-content\/uploads\/2025\/01\/nabeelachristian-wed-754-752x500.jpg 752w\" data-sizes=\"(max-width: 495px) 100vw, 495px\" alt=\"10 incr\u00edveis locais para casamento de inverno em Lisboa\">\n\t\t\t\n\t\t\t<a href=\"https:\/\/www.ritaplacidophotography.com\/pt\/venues-for-a-winter-wedding-in-lisbon\/\" class=\"olbia-blog-post__link link-contact link-contact--white\">\n\t\t\t\tRead More\t\t\t<\/a>\n\t\t<\/div>\n\t\t<div class=\"olbia-blog-post__content\">\n\t\t\t\t\t\t\t\n<ul class=\"olbia-post-info\">\n\t<li>\n\t\t<a href=\"https:\/\/www.ritaplacidophotography.com\/pt\/2025\/01\/09\/\">\n\t\t\t09\/01\/2025\t\t<\/a>\n\t<\/li>\n\t\n\t\t\t<li>\n\t\t\t<a href=\"https:\/\/www.ritaplacidophotography.com\/pt\/category\/weddingplanning\/\">\n\t\t\t\tPlanear o casamento\t\t\t<\/a>\n\t\t<\/li>\n\t<\/ul>\t\t\t\n\t\t\t<h2 class=\"olbia-blog-post__title\"><a href=\"https:\/\/www.ritaplacidophotography.com\/pt\/venues-for-a-winter-wedding-in-lisbon\/\">10 incr\u00edveis locais para casamento de inverno em Lisboa<\/a><\/h2>\n\t\t\t<div class=\"olbia-blog-post__desc\">\n\t<p>Est\u00e3o com sorte! Vieram ao s\u00edtio certo. O ambiente rico e hist\u00f3rico de Lisboa, com o seu fant\u00e1stico tempo no inverno, tornam esta cidade o destino ideal para uma celebra\u00e7\u00e3o acolhedora e elegante. Desde pal\u00e1cios hist\u00f3ricos, a estufas verdes, nesta cidade encontram o local perfeito para cada casal. Neste artigo v\u00e3o encontrar uma lista dos melhores 10 locais de casamento de inverno em Lisboa que tornar\u00e1 o vosso dia inesquec\u00edvel.<\/p>\n<\/div>\t\t<\/div>\n\t<\/div>\n<\/div>\n\t\t\t\t\t\t\t\n\t\t<\/div>\n\t<\/div>\n<\/div>\n\t\t\t\t\t\t\t\t<\/div> \n\t\t\t\n\t\t<\/div>\n\t\t\t\t\t<\/div>\n\t\t\t\t<\/div>\n\t\t\t\t\t<\/div>\n\t\t<\/div>\n\t\t\t\t\t<\/div>\n\t\t<\/section>\n\t\t\t\t<\/div>","protected":false},"excerpt":{"rendered":"<p>Ups! The page you&#8217;re looking for is not available I&#8217;m so sorry but the page you were trying to access is still not available. Please believe we&#8217;re working really hard to have this page live as soon as possible! In the meantime, why don&#8217;t you go back to the previous page or dive in on&#8230;<\/p>","protected":false},"author":1,"featured_media":0,"parent":0,"menu_order":0,"comment_status":"closed","ping_status":"closed","template":"","meta":{"_acf_changed":false,"footnotes":""},"class_list":["post-11952","page","type-page","status-publish","hentry"],"acf":[],"_links":{"self":[{"href":"https:\/\/www.ritaplacidophotography.com\/pt\/wp-json\/wp\/v2\/pages\/11952","targetHints":{"allow":["GET"]}}],"collection":[{"href":"https:\/\/www.ritaplacidophotography.com\/pt\/wp-json\/wp\/v2\/pages"}],"about":[{"href":"https:\/\/www.ritaplacidophotography.com\/pt\/wp-json\/wp\/v2\/types\/page"}],"author":[{"embeddable":true,"href":"https:\/\/www.ritaplacidophotography.com\/pt\/wp-json\/wp\/v2\/users\/1"}],"replies":[{"embeddable":true,"href":"https:\/\/www.ritaplacidophotography.com\/pt\/wp-json\/wp\/v2\/comments?post=11952"}],"version-history":[{"count":16,"href":"https:\/\/www.ritaplacidophotography.com\/pt\/wp-json\/wp\/v2\/pages\/11952\/revisions"}],"predecessor-version":[{"id":12144,"href":"https:\/\/www.ritaplacidophotography.com\/pt\/wp-json\/wp\/v2\/pages\/11952\/revisions\/12144"}],"wp:attachment":[{"href":"https:\/\/www.ritaplacidophotography.com\/pt\/wp-json\/wp\/v2\/media?parent=11952"}],"curies":[{"name":"wp","href":"https:\/\/api.w.org\/{rel}","templated":true}]}}